{"id":928,"date":"2022-08-27T18:09:38","date_gmt":"2022-08-27T15:09:38","guid":{"rendered":"https:\/\/www.sarankorut.fi\/?post_type=product&#038;p=928"},"modified":"2022-08-27T18:19:02","modified_gmt":"2022-08-27T15:19:02","slug":"chunky-glitter-isot-tahdet","status":"publish","type":"product","link":"https:\/\/www.sarankorut.fi\/?product=chunky-glitter-isot-tahdet","title":{"rendered":"Chunky glitter isot t\u00e4hti korvikset"},"content":{"rendered":"<p>Akryylista valmistetut chunky glitter t\u00e4hti korvikset<\/p>\n<p>&nbsp;<\/p>\n<p>Koukut ja v\u00e4lirenkaat ruostumatonta ter\u00e4st\u00e4 (sopii hyvin allergikoille)<\/p>\n","protected":false},"excerpt":{"rendered":"<p>Akryylista valmistetut chunky glitter t\u00e4hti korvikset &nbsp; Koukut ja v\u00e4lirenkaat ruostumatonta ter\u00e4st\u00e4 (sopii hyvin allergikoille)<\/p>\n","protected":false},"featured_media":923,"comment_status":"closed","ping_status":"closed","template":"","meta":[],"product_brand":[],"product_cat":[101,20,29,62],"product_tag":[],"class_list":{"0":"post-928","1":"product","2":"type-product","3":"status-publish","4":"has-post-thumbnail","6":"product_cat-kasin-tehdyt","7":"product_cat-korvakorut","8":"product_cat-koukulliset","9":"product_cat-uutuudet","11":"first","12":"instock","13":"taxable","14":"shipping-taxable","15":"purchasable","16":"product-type-simple"},"jetpack_sharing_enabled":true,"_links":{"self":[{"href":"https:\/\/www.sarankorut.fi\/index.php?rest_route=\/wp\/v2\/product\/928","targetHints":{"allow":["GET"]}}],"collection":[{"href":"https:\/\/www.sarankorut.fi\/index.php?rest_route=\/wp\/v2\/product"}],"about":[{"href":"https:\/\/www.sarankorut.fi\/index.php?rest_route=\/wp\/v2\/types\/product"}],"replies":[{"embeddable":true,"href":"https:\/\/www.sarankorut.fi\/index.php?rest_route=%2Fwp%2Fv2%2Fcomments&post=928"}],"wp:featuredmedia":[{"embeddable":true,"href":"https:\/\/www.sarankorut.fi\/index.php?rest_route=\/wp\/v2\/media\/923"}],"wp:attachment":[{"href":"https:\/\/www.sarankorut.fi\/index.php?rest_route=%2Fwp%2Fv2%2Fmedia&parent=928"}],"wp:term":[{"taxonomy":"product_brand","embeddable":true,"href":"https:\/\/www.sarankorut.fi\/index.php?rest_route=%2Fwp%2Fv2%2Fproduct_brand&post=928"},{"taxonomy":"product_cat","embeddable":true,"href":"https:\/\/www.sarankorut.fi\/index.php?rest_route=%2Fwp%2Fv2%2Fproduct_cat&post=928"},{"taxonomy":"product_tag","embeddable":true,"href":"https:\/\/www.sarankorut.fi\/index.php?rest_route=%2Fwp%2Fv2%2Fproduct_tag&post=928"}],"curies":[{"name":"wp","href":"https:\/\/api.w.org\/{rel}","templated":true}]}}