{"id":776,"date":"2021-10-03T16:59:11","date_gmt":"2021-10-03T13:59:11","guid":{"rendered":"https:\/\/www.sarankorut.fi\/?post_type=product&#038;p=776"},"modified":"2026-04-01T07:08:55","modified_gmt":"2026-04-01T04:08:55","slug":"tutti-korvikset","status":"publish","type":"product","link":"https:\/\/www.sarankorut.fi\/?product=tutti-korvikset","title":{"rendered":"Tutti korvikset"},"content":{"rendered":"<blockquote><p><img data-recalc-dims=\"1\" loading=\"lazy\" decoding=\"async\" class=\"alignnone size-medium wp-image-778\" src=\"https:\/\/i0.wp.com\/www.sarankorut.fi\/wp-content\/uploads\/2021\/10\/IMG_20211003_154004__01.jpg?resize=300%2C255&#038;ssl=1\" alt=\"\" width=\"300\" height=\"255\" srcset=\"https:\/\/i0.wp.com\/www.sarankorut.fi\/wp-content\/uploads\/2021\/10\/IMG_20211003_154004__01-scaled.jpg?resize=300%2C255&amp;ssl=1 300w, https:\/\/i0.wp.com\/www.sarankorut.fi\/wp-content\/uploads\/2021\/10\/IMG_20211003_154004__01-scaled.jpg?resize=1024%2C872&amp;ssl=1 1024w, https:\/\/i0.wp.com\/www.sarankorut.fi\/wp-content\/uploads\/2021\/10\/IMG_20211003_154004__01-scaled.jpg?resize=768%2C654&amp;ssl=1 768w, https:\/\/i0.wp.com\/www.sarankorut.fi\/wp-content\/uploads\/2021\/10\/IMG_20211003_154004__01-scaled.jpg?resize=1536%2C1308&amp;ssl=1 1536w, https:\/\/i0.wp.com\/www.sarankorut.fi\/wp-content\/uploads\/2021\/10\/IMG_20211003_154004__01-scaled.jpg?resize=2048%2C1744&amp;ssl=1 2048w, https:\/\/i0.wp.com\/www.sarankorut.fi\/wp-content\/uploads\/2021\/10\/IMG_20211003_154004__01-scaled.jpg?resize=70%2C60&amp;ssl=1 70w, https:\/\/i0.wp.com\/www.sarankorut.fi\/wp-content\/uploads\/2021\/10\/IMG_20211003_154004__01-scaled.jpg?resize=600%2C511&amp;ssl=1 600w, https:\/\/i0.wp.com\/www.sarankorut.fi\/wp-content\/uploads\/2021\/10\/IMG_20211003_154004__01-scaled.jpg?w=1850&amp;ssl=1 1850w\" sizes=\"auto, (max-width: 300px) 100vw, 300px\" \/><\/p><\/blockquote>\n<p>Tutti korvikset, koukut ei sis\u00e4ll\u00e4 nikkeli\u00e4.<\/p>\n","protected":false},"excerpt":{"rendered":"<p>Tutti korvikset, koukut ei sis\u00e4ll\u00e4 nikkeli\u00e4.<\/p>\n","protected":false},"featured_media":778,"comment_status":"closed","ping_status":"closed","template":"","meta":[],"product_brand":[],"product_cat":[101,20,29,62],"product_tag":[118,117],"class_list":{"0":"post-776","1":"product","2":"type-product","3":"status-publish","4":"has-post-thumbnail","6":"product_cat-kasin-tehdyt","7":"product_cat-korvakorut","8":"product_cat-koukulliset","9":"product_cat-uutuudet","10":"product_tag-korvikset","11":"product_tag-tutti","12":"pa_vari-keltainen","13":"pa_vari-kirkas","14":"pa_vari-musta","15":"pa_vari-neon-keltainen","16":"pa_vari-neon-vihrea","17":"pa_vari-oranssi","18":"pa_vari-pinkki","19":"pa_vari-punainen","20":"pa_vari-tumman-vihrea","21":"pa_vari-turkoosi","22":"pa_vari-vihrea","23":"pa_vari-violetti","25":"first","26":"instock","27":"taxable","28":"shipping-taxable","29":"purchasable","30":"product-type-variable"},"jetpack_sharing_enabled":true,"_links":{"self":[{"href":"https:\/\/www.sarankorut.fi\/index.php?rest_route=\/wp\/v2\/product\/776","targetHints":{"allow":["GET"]}}],"collection":[{"href":"https:\/\/www.sarankorut.fi\/index.php?rest_route=\/wp\/v2\/product"}],"about":[{"href":"https:\/\/www.sarankorut.fi\/index.php?rest_route=\/wp\/v2\/types\/product"}],"replies":[{"embeddable":true,"href":"https:\/\/www.sarankorut.fi\/index.php?rest_route=%2Fwp%2Fv2%2Fcomments&post=776"}],"wp:featuredmedia":[{"embeddable":true,"href":"https:\/\/www.sarankorut.fi\/index.php?rest_route=\/wp\/v2\/media\/778"}],"wp:attachment":[{"href":"https:\/\/www.sarankorut.fi\/index.php?rest_route=%2Fwp%2Fv2%2Fmedia&parent=776"}],"wp:term":[{"taxonomy":"product_brand","embeddable":true,"href":"https:\/\/www.sarankorut.fi\/index.php?rest_route=%2Fwp%2Fv2%2Fproduct_brand&post=776"},{"taxonomy":"product_cat","embeddable":true,"href":"https:\/\/www.sarankorut.fi\/index.php?rest_route=%2Fwp%2Fv2%2Fproduct_cat&post=776"},{"taxonomy":"product_tag","embeddable":true,"href":"https:\/\/www.sarankorut.fi\/index.php?rest_route=%2Fwp%2Fv2%2Fproduct_tag&post=776"}],"curies":[{"name":"wp","href":"https:\/\/api.w.org\/{rel}","templated":true}]}}