{"id":2,"date":"2018-12-08T15:45:25","date_gmt":"2018-12-08T13:45:25","guid":{"rendered":"http:\/\/www.virtuellaservrar.net\/?page_id=2"},"modified":"2019-06-29T22:10:16","modified_gmt":"2019-06-29T19:10:16","slug":"esimerkkisivu","status":"publish","type":"page","link":"https:\/\/www.sarankorut.fi\/?page_id=2","title":{"rendered":"Tietoja"},"content":{"rendered":"\n<p>Yleist\u00e4 verkkokaupasta<\/p>\n\n\n\n<p>Verkkokaupan tuotteita myy Saran Korut y-tunnus 3003758-9. Myymme tuotteita t\u00e4ysi-ik\u00e4isille yksityishenkil\u00f6ille ja yrityksille Suomeen. Tuotteiden hinnat sis\u00e4lt\u00e4v\u00e4t arvonlis\u00e4veron. Pid\u00e4t\u00e4mme oikeuden hintojen ja toimituskulujen muutoksiin.<\/p>\n\n\n\n<p>Tilaaminen<\/p>\n\n\n\n<p>Tuotteet tilataan p\u00e4\u00e4s\u00e4\u00e4nt\u00f6isesti internetin v\u00e4lityksell\u00e4 osoitteesta www.sarankorut.fi ostoskorin kautta.<\/p>\n\n\n\n<p>Kaikki tilaukset vahvistetaan s\u00e4hk\u00f6postilla, jossa ilmoitetaan tilauksen hinta, mahdolliset toimituskulut sek\u00e4 tilatut tuotteet. Tilausvahvistuksen saaminen edellytt\u00e4\u00e4 s\u00e4hk\u00f6postiosoitteen ilmoittamista tilauksen yhteydess\u00e4.<\/p>\n\n\n\n<p>Asiakas sitoutuu jokaisen tilauksen yhteydess\u00e4 voimassa oleviin toimitusehtoihin.<\/p>\n\n\n\n<p>Tilausvahvistus<\/p>\n\n\n\n<p>L\u00e4het\u00e4mme s\u00e4hk\u00f6postitse tilausvahvistuksen, josta n\u00e4et:<\/p>\n\n\n\n<p>tilausnumeron<br> laskun loppusumman<\/p>\n\n\n\n<p><br>Sivuillamme olevan k\u00e4ytt\u00e4j\u00e4tilin kautta voit tarkastaa tilauksen sis\u00e4ll\u00f6n.<\/p>\n\n\n\n<p>Maksutavat<\/p>\n\n\n\n<p>Tuotteet ja niiden postikulut maksetaan tilauksen yhteydess\u00e4. Verkkokaupassa voidaan maksaa seuraavilla maksutavoilla: Tilisiirto tai k\u00e4teinen noudettaessa.<\/p>\n\n\n\n<p>Toimitusaika ja toimituskulut<\/p>\n\n\n\n<p>Nouto sopimuksen mukaan Oulusta. Tilaus postitetaan samana tai seuraavana arkip\u00e4iv\u00e4n\u00e4 maksun saapumisesta tilille. Toimituskulut ovat kiinte\u00e4t 3,50 euroa.<\/p>\n\n\n\n<p>Vaihto- ja palautusehdot<\/p>\n\n\n\n<p>Asiakkaalla on Suomen kuluttajansuojalain mukainen 14 p\u00e4iv\u00e4n vaihto- ja palautusoikeus.<\/p>\n\n\n\n<p>Palautusoikeus koskee vain alkuper\u00e4ispakkauksessa olevia k\u00e4ytt\u00e4m\u00e4tt\u00f6mi\u00e4 ja myyntikelpoisia tuotteita. Emme vastaa postin hukkaamasta paketista\/kirjeest\u00e4 tai rikkoutuneista tuotteista.<\/p>\n\n\n\n<p>Liit\u00e4 palautuksen mukaan seuraavat tiedot:<\/p>\n\n\n\n<p>Asiakasnumerosi, nimesi, osoitteesi ja puhelinnumerosi sek\u00e4 pankkitilinumerosi.<br><\/p>\n\n\n\n<p>Emme vastaanota palautuksia yli 14 vrk kuluttua toimituksesta. Rahat palautetaan suoraan tilillesi palautuksen vastaanoton, k\u00e4sittelyn ja hyv\u00e4ksynn\u00e4n j\u00e4lkeen. Emme vastaa tuotteen palauttamiseen liittyvist\u00e4 postitus- tai muista kuluista.<\/p>\n\n\n\n<p>Pid\u00e4t\u00e4mme oikeuden muuttaa toimitusehtojamme. Asiakkaan on ennen tilaustaan tutustuttava kulloinkin voimassa oleviin toimitusehtoihin.<\/p>\n\n\n\n<p>Saran Korut k\u00e4sittelee kaikki asiakastiedot t\u00e4ysin luottamuksellisesti.<br><a href=\"http:\/\/www.virtuellaservrar.net\/wp-admin\/\"><\/a><\/p>\n\n\n\n<p>Ongelmatilanteessa ota yhteytt\u00e4 sarankorut18@gmail.com s\u00e4hk\u00f6postiin.<\/p>\n","protected":false},"excerpt":{"rendered":"<p>Yleist\u00e4 verkkokaupasta Verkkokaupan tuotteita myy Saran Korut y-tunnus 3003758-9. Myymme tuotteita t\u00e4ysi-ik\u00e4isille yksityishenkil\u00f6ille ja yrityksille Suomeen. Tuotteiden hinnat sis\u00e4lt\u00e4v\u00e4t arvonlis\u00e4veron. Pid\u00e4t\u00e4mme oikeuden hintojen ja toimituskulujen muutoksiin. Tilaaminen Tuotteet tilataan p\u00e4\u00e4s\u00e4\u00e4nt\u00f6isesti internetin v\u00e4lityksell\u00e4 osoitteesta www.sarankorut.fi ostoskorin kautta. Kaikki tilaukset vahvistetaan s\u00e4hk\u00f6postilla, jossa ilmoitetaan tilauksen hinta, mahdolliset toimituskulut sek\u00e4 tilatut tuotteet. Tilausvahvistuksen saaminen edellytt\u00e4\u00e4 s\u00e4hk\u00f6postiosoitteen ilmoittamista tilauksen &hellip; <\/p>\n","protected":false},"author":1,"featured_media":0,"parent":0,"menu_order":0,"comment_status":"closed","ping_status":"open","template":"","meta":{"footnotes":""},"class_list":["post-2","page","type-page","status-publish","hentry"],"jetpack_sharing_enabled":true,"_links":{"self":[{"href":"https:\/\/www.sarankorut.fi\/index.php?rest_route=\/wp\/v2\/pages\/2","targetHints":{"allow":["GET"]}}],"collection":[{"href":"https:\/\/www.sarankorut.fi\/index.php?rest_route=\/wp\/v2\/pages"}],"about":[{"href":"https:\/\/www.sarankorut.fi\/index.php?rest_route=\/wp\/v2\/types\/page"}],"author":[{"embeddable":true,"href":"https:\/\/www.sarankorut.fi\/index.php?rest_route=\/wp\/v2\/users\/1"}],"replies":[{"embeddable":true,"href":"https:\/\/www.sarankorut.fi\/index.php?rest_route=%2Fwp%2Fv2%2Fcomments&post=2"}],"version-history":[{"count":3,"href":"https:\/\/www.sarankorut.fi\/index.php?rest_route=\/wp\/v2\/pages\/2\/revisions"}],"predecessor-version":[{"id":182,"href":"https:\/\/www.sarankorut.fi\/index.php?rest_route=\/wp\/v2\/pages\/2\/revisions\/182"}],"wp:attachment":[{"href":"https:\/\/www.sarankorut.fi\/index.php?rest_route=%2Fwp%2Fv2%2Fmedia&parent=2"}],"curies":[{"name":"wp","href":"https:\/\/api.w.org\/{rel}","templated":true}]}}